{"id":6758,"date":"2025-05-06T16:03:55","date_gmt":"2025-05-06T20:03:55","guid":{"rendered":"https:\/\/neuro.bluehat.hosting\/recherche\/parkinsons-disease\/"},"modified":"2025-11-04T08:20:31","modified_gmt":"2025-11-04T13:20:31","slug":"maladie-parkinson","status":"publish","type":"page","link":"https:\/\/www.neuro-outaouais.com\/fr\/essais-cliniques\/maladie-parkinson\/","title":{"rendered":"Maladie de Parkinson"},"content":{"rendered":"\t\t<div data-elementor-type=\"wp-page\" data-elementor-id=\"6758\" class=\"elementor elementor-6758 elementor-98\" data-elementor-post-type=\"page\">\n\t\t\t\t<div class=\"elementor-element elementor-element-354d6ee e-con-full animated-slow e-flex e-con e-parent\" data-id=\"354d6ee\" data-element_type=\"container\" id=\"blur-image\" data-settings=\"{&quot;background_background&quot;:&quot;classic&quot;,&quot;animation&quot;:&quot;none&quot;,&quot;animation_delay&quot;:0}\">\n\t\t\t\t<div class=\"elementor-element elementor-element-a904350 elementor-widget__width-initial elementor-widget elementor-widget-heading\" data-id=\"a904350\" data-element_type=\"widget\" data-widget_type=\"heading.default\">\n\t\t\t\t<div class=\"elementor-widget-container\">\n\t\t\t\t\t<h1 class=\"elementor-heading-title elementor-size-default\">Maladie de Parkinson<\/h1>\t\t\t\t<\/div>\n\t\t\t\t<\/div>\n\t\t\t\t<div class=\"elementor-element elementor-element-ca14e2a elementor-widget__width-initial elementor-widget elementor-widget-heading\" data-id=\"ca14e2a\" data-element_type=\"widget\" data-widget_type=\"heading.default\">\n\t\t\t\t<div class=\"elementor-widget-container\">\n\t\t\t\t\t<h2 class=\"elementor-heading-title elementor-size-default\">La recherche sur la maladie de Parkinson a fait d\u2019immenses progr\u00e8s au cours des derni\u00e8res d\u00e9cennies. Les travaux vont d\u2019une meilleure compr\u00e9hension des m\u00e9canismes sous-jacents et de l\u2019optimisation des traitements symptomatiques \u00e0 des interventions visant \u00e0 ralentir ou \u00e0 stopper la progression de la maladie.\n<\/h2>\t\t\t\t<\/div>\n\t\t\t\t<\/div>\n\t\t\t\t<div class=\"elementor-element elementor-element-e610fe2 elementor-align-left elementor-widget elementor-widget-button\" data-id=\"e610fe2\" data-element_type=\"widget\" data-widget_type=\"button.default\">\n\t\t\t\t<div class=\"elementor-widget-container\">\n\t\t\t\t\t\t\t\t\t<div class=\"elementor-button-wrapper\">\n\t\t\t\t\t<a class=\"elementor-button elementor-button-link elementor-size-sm\" href=\"\/#Participate\">\n\t\t\t\t\t\t<span class=\"elementor-button-content-wrapper\">\n\t\t\t\t\t\t\t\t\t<span class=\"elementor-button-text\">Participer<\/span>\n\t\t\t\t\t<\/span>\n\t\t\t\t\t<\/a>\n\t\t\t\t<\/div>\n\t\t\t\t\t\t\t\t<\/div>\n\t\t\t\t<\/div>\n\t\t\t\t<\/div>\n\t\t<div class=\"elementor-element elementor-element-e09326f e-con-full e-flex e-con e-parent\" data-id=\"e09326f\" data-element_type=\"container\" id=\"horizontal-scroll\" data-settings=\"{&quot;background_background&quot;:&quot;classic&quot;}\">\n\t\t<div class=\"elementor-element elementor-element-9782983 e-con-full e-flex e-con e-child\" data-id=\"9782983\" data-element_type=\"container\">\n\t\t\t\t<div class=\"elementor-element elementor-element-b39bcd8 elementor-widget elementor-widget-heading\" data-id=\"b39bcd8\" data-element_type=\"widget\" data-widget_type=\"heading.default\">\n\t\t\t\t<div class=\"elementor-widget-container\">\n\t\t\t\t\t<h2 class=\"elementor-heading-title elementor-size-default\">ESSAIS CLINIQUES\n<\/h2>\t\t\t\t<\/div>\n\t\t\t\t<\/div>\n\t\t\t\t<div class=\"elementor-element elementor-element-6e1df0e elementor-widget elementor-widget-text-editor\" data-id=\"6e1df0e\" data-element_type=\"widget\" data-widget_type=\"text-editor.default\">\n\t\t\t\t<div class=\"elementor-widget-container\">\n\t\t\t\t\t\t\t\t\t<p>La CNO participe \u00e0 des essais cliniques \u00e9valuant des th\u00e9rapies dont l\u2019objectif est de ralentir ou d\u2019arr\u00eater la progression de la maladie.<\/p>\t\t\t\t\t\t\t\t<\/div>\n\t\t\t\t<\/div>\n\t\t\t\t<div class=\"elementor-element elementor-element-6de0673 elementor-widget elementor-widget-heading\" data-id=\"6de0673\" data-element_type=\"widget\" data-widget_type=\"heading.default\">\n\t\t\t\t<div class=\"elementor-widget-container\">\n\t\t\t\t\t<h2 class=\"elementor-heading-title elementor-size-default\">\u00c9tudes en recrutement\n<\/h2>\t\t\t\t<\/div>\n\t\t\t\t<\/div>\n\t\t\t\t<div class=\"elementor-element elementor-element-1d658e7 elementor-widget elementor-widget-text-editor\" data-id=\"1d658e7\" data-element_type=\"widget\" data-widget_type=\"text-editor.default\">\n\t\t\t\t<div class=\"elementor-widget-container\">\n\t\t\t\t\t\t\t\t\t<p>Veuillez vous informer. Au moment de la r\u00e9daction, la CNO n\u2019a pas d\u2019essai en recrutement.<\/p>\t\t\t\t\t\t\t\t<\/div>\n\t\t\t\t<\/div>\n\t\t\t\t<div class=\"elementor-element elementor-element-255fc4c elementor-widget elementor-widget-heading\" data-id=\"255fc4c\" data-element_type=\"widget\" data-widget_type=\"heading.default\">\n\t\t\t\t<div class=\"elementor-widget-container\">\n\t\t\t\t\t<h2 class=\"elementor-heading-title elementor-size-default\">\u00c9tudes en cours\n<\/h2>\t\t\t\t<\/div>\n\t\t\t\t<\/div>\n\t\t\t\t<div class=\"elementor-element elementor-element-78d48d3 elementor-widget elementor-widget-text-editor\" data-id=\"78d48d3\" data-element_type=\"widget\" data-widget_type=\"text-editor.default\">\n\t\t\t\t<div class=\"elementor-widget-container\">\n\t\t\t\t\t\t\t\t\t<div>Padova OLE<br \/>Victorine Sikati Foko Recrutement termin\u00e9 closed<\/div>\n<div>\u00a0<\/div>\n<div>BIA 28-6156-201\/ Activate<\/div>\n<div>Contact Victorine Sikati Foko Recrutement termin\u00e9<\/div>\t\t\t\t\t\t\t\t<\/div>\n\t\t\t\t<\/div>\n\t\t\t\t<div class=\"elementor-element elementor-element-9b57c8a elementor-widget elementor-widget-heading\" data-id=\"9b57c8a\" data-element_type=\"widget\" data-widget_type=\"heading.default\">\n\t\t\t\t<div class=\"elementor-widget-container\">\n\t\t\t\t\t<h2 class=\"elementor-heading-title elementor-size-default\">\u00c9tudes termin\u00e9es\n<\/h2>\t\t\t\t<\/div>\n\t\t\t\t<\/div>\n\t\t\t\t<div class=\"elementor-element elementor-element-4d1b953 elementor-icon-list--layout-traditional elementor-list-item-link-full_width elementor-widget elementor-widget-icon-list\" data-id=\"4d1b953\" data-element_type=\"widget\" data-widget_type=\"icon-list.default\">\n\t\t\t\t<div class=\"elementor-widget-container\">\n\t\t\t\t\t\t\t<ul class=\"elementor-icon-list-items\">\n\t\t\t\t\t\t\t<li class=\"elementor-icon-list-item\">\n\t\t\t\t\t\t\t\t\t\t\t<span class=\"elementor-icon-list-icon\">\n\t\t\t\t\t\t\t<svg aria-hidden=\"true\" class=\"e-font-icon-svg e-fas-circle\" viewBox=\"0 0 512 512\" xmlns=\"http:\/\/www.w3.org\/2000\/svg\"><path d=\"M256 8C119 8 8 119 8 256s111 248 248 248 248-111 248-248S393 8 256 8z\"><\/path><\/svg>\t\t\t\t\t\t<\/span>\n\t\t\t\t\t\t\t\t\t\t<span class=\"elementor-icon-list-text\">2023 BIAL (Phase II)<\/span>\n\t\t\t\t\t\t\t\t\t<\/li>\n\t\t\t\t\t\t\t\t<li class=\"elementor-icon-list-item\">\n\t\t\t\t\t\t\t\t\t\t\t<span class=\"elementor-icon-list-icon\">\n\t\t\t\t\t\t\t<svg aria-hidden=\"true\" class=\"e-font-icon-svg e-fas-circle\" viewBox=\"0 0 512 512\" xmlns=\"http:\/\/www.w3.org\/2000\/svg\"><path d=\"M256 8C119 8 8 119 8 256s111 248 248 248 248-111 248-248S393 8 256 8z\"><\/path><\/svg>\t\t\t\t\t\t<\/span>\n\t\t\t\t\t\t\t\t\t\t<span class=\"elementor-icon-list-text\">2021: BN42358 study (Phase IIb)<\/span>\n\t\t\t\t\t\t\t\t\t<\/li>\n\t\t\t\t\t\t\t\t<li class=\"elementor-icon-list-item\">\n\t\t\t\t\t\t\t\t\t\t\t<span class=\"elementor-icon-list-icon\">\n\t\t\t\t\t\t\t<svg aria-hidden=\"true\" class=\"e-font-icon-svg e-fas-circle\" viewBox=\"0 0 512 512\" xmlns=\"http:\/\/www.w3.org\/2000\/svg\"><path d=\"M256 8C119 8 8 119 8 256s111 248 248 248 248-111 248-248S393 8 256 8z\"><\/path><\/svg>\t\t\t\t\t\t<\/span>\n\t\t\t\t\t\t\t\t\t\t<span class=\"elementor-icon-list-text\">2014: iSTEP study (Phase III)<\/span>\n\t\t\t\t\t\t\t\t\t<\/li>\n\t\t\t\t\t\t\t\t<li class=\"elementor-icon-list-item\">\n\t\t\t\t\t\t\t\t\t\t\t<span class=\"elementor-icon-list-icon\">\n\t\t\t\t\t\t\t<svg aria-hidden=\"true\" class=\"e-font-icon-svg e-fas-circle\" viewBox=\"0 0 512 512\" xmlns=\"http:\/\/www.w3.org\/2000\/svg\"><path d=\"M256 8C119 8 8 119 8 256s111 248 248 248 248-111 248-248S393 8 256 8z\"><\/path><\/svg>\t\t\t\t\t\t<\/span>\n\t\t\t\t\t\t\t\t\t\t<span class=\"elementor-icon-list-text\">2011: CONFIDENT-PD study (Phase II)<\/span>\n\t\t\t\t\t\t\t\t\t<\/li>\n\t\t\t\t\t\t\t\t<li class=\"elementor-icon-list-item\">\n\t\t\t\t\t\t\t\t\t\t\t<span class=\"elementor-icon-list-icon\">\n\t\t\t\t\t\t\t<svg aria-hidden=\"true\" class=\"e-font-icon-svg e-fas-circle\" viewBox=\"0 0 512 512\" xmlns=\"http:\/\/www.w3.org\/2000\/svg\"><path d=\"M256 8C119 8 8 119 8 256s111 248 248 248 248-111 248-248S393 8 256 8z\"><\/path><\/svg>\t\t\t\t\t\t<\/span>\n\t\t\t\t\t\t\t\t\t\t<span class=\"elementor-icon-list-text\">2010: AFQ056A2217 study (Phase II)<\/span>\n\t\t\t\t\t\t\t\t\t<\/li>\n\t\t\t\t\t\t\t\t<li class=\"elementor-icon-list-item\">\n\t\t\t\t\t\t\t\t\t\t\t<span class=\"elementor-icon-list-icon\">\n\t\t\t\t\t\t\t<svg aria-hidden=\"true\" class=\"e-font-icon-svg e-fas-circle\" viewBox=\"0 0 512 512\" xmlns=\"http:\/\/www.w3.org\/2000\/svg\"><path d=\"M256 8C119 8 8 119 8 256s111 248 248 248 248-111 248-248S393 8 256 8z\"><\/path><\/svg>\t\t\t\t\t\t<\/span>\n\t\t\t\t\t\t\t\t\t\t<span class=\"elementor-icon-list-text\">2010: AFQ056A2208 study (Phase II)<\/span>\n\t\t\t\t\t\t\t\t\t<\/li>\n\t\t\t\t\t\t<\/ul>\n\t\t\t\t\t\t<\/div>\n\t\t\t\t<\/div>\n\t\t\t\t<\/div>\n\t\t<div class=\"elementor-element elementor-element-fef304a e-con-full e-flex e-con e-child\" data-id=\"fef304a\" data-element_type=\"container\" data-settings=\"{&quot;background_background&quot;:&quot;classic&quot;}\">\n\t\t\t\t<div class=\"elementor-element elementor-element-1e748bf elementor-widget elementor-widget-html\" data-id=\"1e748bf\" data-element_type=\"widget\" data-widget_type=\"html.default\">\n\t\t\t\t<div class=\"elementor-widget-container\">\n\t\t\t\t\t<script>\n\/\/ Scroll to top on page load\nwindow.onload = function() {\n    window.scrollTo(0, 0);\n};\n\n\/\/ Alternative that works with turbolinks (if you're using that)\ndocument.addEventListener('DOMContentLoaded', function() {\n    window.scrollTo(0, 0);\n});\n<\/script>\n<script>\ndocument.addEventListener('DOMContentLoaded', function () {\n    const scrollContainer = document.querySelector('#horizontal-scroll');\n\n    \/\/ Add a check to ensure the element exists before trying to manipulate it\n    if (!scrollContainer) {\n        console.warn('Element #horizontal-scroll not found. Script will not run.');\n        return;\n    }\n\n    let lastScrollTop = 0;\n    let isScrollingDown = false;\n\n    \/\/ Define key scroll points\n    const activationScrollPoint = 300; \/\/ When the container starts to appear\n    const fullRevealScrollPoint = 800; \/\/ When the container is fully visible (right: 0%)\n    const stickToTopScrollPoint = 900; \/\/ When the container transitions from fixed to sticky\/absolute at the top\n\n    \/\/ Initial state setup\n    scrollContainer.style.opacity = '0';\n    scrollContainer.style.right = '-100%'; \/\/ Start fully off-screen to the right\n    scrollContainer.style.position = 'fixed';\n    scrollContainer.style.top = '0px'; \/\/ Important: Keep top at 0px for the fixed state for smooth transition later\n\n    \/\/ Cache the initial transform if any, or set it up for horizontal movement\n    \/\/ Since we want horizontal reveal, we'll control 'right' directly.\n    \/\/ If you had vertical centering, 'transform: translateY(-50%)' would go here, but we're sticking to top.\n\n    window.addEventListener('scroll', function () {\n        const scrollTop = window.pageYOffset || document.documentElement.scrollTop;\n        isScrollingDown = scrollTop > lastScrollTop;\n        lastScrollTop = scrollTop <= 0 ? 0 : scrollTop;\n\n        \/\/ --- Phase 1: Reveal and Hide (fixed position) ---\n        if (scrollTop >= activationScrollPoint && scrollTop < fullRevealScrollPoint) {\n            \/\/ Calculate progress for revealing\n            const progress = (scrollTop - activationScrollPoint) \/ (fullRevealScrollPoint - activationScrollPoint);\n            \/\/ Ensure progress is between 0 and 1\n            const clampedProgress = Math.min(1, Math.max(0, progress));\n\n            \/\/ Smoothly slide in from right (-100% to 0%) and fade in (0 to 1)\n            scrollContainer.style.opacity = clampedProgress.toString();\n            \/\/ Calculate right position: from -100% to 0% as progress goes from 0 to 1\n            \/\/ A more direct way: when progress is 0, right is -100%. When progress is 1, right is 0%.\n            \/\/ (1 - clampedProgress) means it goes from 1 to 0. So multiply by -100% to get 0 to -100%\n            scrollContainer.style.right = `${(1 - clampedProgress) * -100}%`;\n            scrollContainer.style.position = 'fixed';\n            scrollContainer.style.top = '0px'; \/\/ Maintain top position during fixed reveal\n\n        }\n        \/\/ --- Phase 2: Fully Visible and Sticky\/Absolute ---\n        else if (scrollTop >= fullRevealScrollPoint) {\n            scrollContainer.style.opacity = '1';\n            scrollContainer.style.right = '0px'; \/\/ Ensure it's fully visible\n\n            \/\/ Check if we should stick to the top or scroll with content\n            if (scrollTop >= stickToTopScrollPoint) {\n                \/\/ Once beyond stickToTopScrollPoint, change to absolute\n                \/\/ and set its top to the current scroll position so it moves with the page\n                scrollContainer.style.position = 'absolute';\n                scrollContainer.style.top = `${stickToTopScrollPoint}px`; \/\/ Stick to this specific scroll position\n            } else {\n                \/\/ Between fullRevealScrollPoint and stickToTopScrollPoint, it's fixed at the top\n                scrollContainer.style.position = 'fixed';\n                scrollContainer.style.top = '0px';\n            }\n        }\n        \/\/ --- Phase 3: Hidden (above activation point) ---\n        else {\n            scrollContainer.style.opacity = '0';\n            scrollContainer.style.right = '-100%'; \/\/ Fully hidden\n            scrollContainer.style.position = 'fixed';\n            scrollContainer.style.top = '0px'; \/\/ Reset for next reveal\n        }\n    });\n});\n<\/script>\n\n<style>\n#horizontal-scroll {\n    position: fixed; \/* Initial state, JS will change it *\/\n    right: -100%;    \/* Initial state, JS will change it *\/\n    top: 0;          \/* Consistent top position *\/\n    width: 100%;     \/* Example: or a specific pixel width *\/\n    box-sizing: border-box;\n    z-index: 9999;\n    opacity: 0;\n    \/* IMPORTANT: Remove CSS transitions for properties controlled by JS *\/\n    transition: none; \/* Disables all transitions for #horizontal-scroll *\/\n}\n<\/style>\t\t\t\t<\/div>\n\t\t\t\t<\/div>\n\t\t\t\t<div class=\"elementor-element elementor-element-5849097 elementor-widget elementor-widget-spacer\" data-id=\"5849097\" data-element_type=\"widget\" data-widget_type=\"spacer.default\">\n\t\t\t\t<div class=\"elementor-widget-container\">\n\t\t\t\t\t\t\t<div class=\"elementor-spacer\">\n\t\t\t<div class=\"elementor-spacer-inner\"><\/div>\n\t\t<\/div>\n\t\t\t\t\t\t<\/div>\n\t\t\t\t<\/div>\n\t\t\t\t<\/div>\n\t\t\t\t<\/div>\n\t\t<div class=\"elementor-element elementor-element-f5dcd33 e-flex e-con-boxed e-con e-parent\" data-id=\"f5dcd33\" data-element_type=\"container\" data-settings=\"{&quot;background_background&quot;:&quot;classic&quot;}\">\n\t\t\t\t\t<div class=\"e-con-inner\">\n\t\t\t\t\t<\/div>\n\t\t\t\t<\/div>\n\t\t\t\t<\/div>\n\t\t","protected":false},"excerpt":{"rendered":"<p>Maladie de Parkinson La recherche sur la maladie de Parkinson a fait d\u2019immenses progr\u00e8s au cours des derni\u00e8res d\u00e9cennies. Les travaux vont d\u2019une meilleure compr\u00e9hension des m\u00e9canismes sous-jacents et de l\u2019optimisation des traitements symptomatiques \u00e0 des interventions visant \u00e0 ralentir ou \u00e0 stopper la progression de la maladie. Participer ESSAIS CLINIQUES La CNO participe \u00e0 [&hellip;]<\/p>\n","protected":false},"author":1,"featured_media":0,"parent":6635,"menu_order":0,"comment_status":"closed","ping_status":"closed","template":"elementor_header_footer","meta":{"footnotes":""},"wf_page_folders":[11],"class_list":["post-6758","page","type-page","status-publish","hentry"],"yoast_head":"<!-- This site is optimized with the Yoast SEO plugin v26.8 - https:\/\/yoast.com\/product\/yoast-seo-wordpress\/ -->\n<title>Maladie de Parkinson - Neuro-Outaouais<\/title>\n<meta name=\"description\" content=\"Rejoignez les essais cliniques Neuro Outaouais sur la maladie de Parkinson. Ensemble, faisons progresser la recherche et les traitements novateurs.\" \/>\n<meta name=\"robots\" content=\"index, follow, max-snippet:-1, max-image-preview:large, max-video-preview:-1\" \/>\n<link rel=\"canonical\" href=\"https:\/\/www.neuro-outaouais.com\/fr\/essais-cliniques\/maladie-parkinson\/\" \/>\n<meta property=\"og:locale\" content=\"fr_CA\" \/>\n<meta property=\"og:type\" content=\"article\" \/>\n<meta property=\"og:title\" content=\"Maladie de Parkinson - Neuro-Outaouais\" \/>\n<meta property=\"og:description\" content=\"Rejoignez les essais cliniques Neuro Outaouais sur la maladie de Parkinson. Ensemble, faisons progresser la recherche et les traitements novateurs.\" \/>\n<meta property=\"og:url\" content=\"https:\/\/www.neuro-outaouais.com\/fr\/essais-cliniques\/maladie-parkinson\/\" \/>\n<meta property=\"og:site_name\" content=\"Neuro-Outaouais\" \/>\n<meta property=\"article:modified_time\" content=\"2025-11-04T13:20:31+00:00\" \/>\n<meta name=\"twitter:card\" content=\"summary_large_image\" \/>\n<meta name=\"twitter:label1\" content=\"Estimation du temps de lecture\" \/>\n\t<meta name=\"twitter:data1\" content=\"1 minute\" \/>\n<script type=\"application\/ld+json\" class=\"yoast-schema-graph\">{\"@context\":\"https:\/\/schema.org\",\"@graph\":[{\"@type\":\"WebPage\",\"@id\":\"https:\/\/www.neuro-outaouais.com\/fr\/essais-cliniques\/maladie-parkinson\/\",\"url\":\"https:\/\/www.neuro-outaouais.com\/fr\/essais-cliniques\/maladie-parkinson\/\",\"name\":\"Maladie de Parkinson - Neuro-Outaouais\",\"isPartOf\":{\"@id\":\"https:\/\/www.neuro-outaouais.com\/#website\"},\"datePublished\":\"2025-05-06T20:03:55+00:00\",\"dateModified\":\"2025-11-04T13:20:31+00:00\",\"description\":\"Rejoignez les essais cliniques Neuro Outaouais sur la maladie de Parkinson. Ensemble, faisons progresser la recherche et les traitements novateurs.\",\"breadcrumb\":{\"@id\":\"https:\/\/www.neuro-outaouais.com\/fr\/essais-cliniques\/maladie-parkinson\/#breadcrumb\"},\"inLanguage\":\"fr-CA\",\"potentialAction\":[{\"@type\":\"ReadAction\",\"target\":[\"https:\/\/www.neuro-outaouais.com\/fr\/essais-cliniques\/maladie-parkinson\/\"]}]},{\"@type\":\"BreadcrumbList\",\"@id\":\"https:\/\/www.neuro-outaouais.com\/fr\/essais-cliniques\/maladie-parkinson\/#breadcrumb\",\"itemListElement\":[{\"@type\":\"ListItem\",\"position\":1,\"name\":\"Home\",\"item\":\"https:\/\/www.neuro-outaouais.com\/\"},{\"@type\":\"ListItem\",\"position\":2,\"name\":\"Essais cliniques\",\"item\":\"https:\/\/www.neuro-outaouais.com\/fr\/essais-cliniques\/\"},{\"@type\":\"ListItem\",\"position\":3,\"name\":\"Maladie de Parkinson\"}]},{\"@type\":\"WebSite\",\"@id\":\"https:\/\/www.neuro-outaouais.com\/#website\",\"url\":\"https:\/\/www.neuro-outaouais.com\/\",\"name\":\"My blog\",\"description\":\"We are a non-profit dedicated to expanding the breadth of medical care for people with neurological diseases.\",\"publisher\":{\"@id\":\"https:\/\/www.neuro-outaouais.com\/#organization\"},\"potentialAction\":[{\"@type\":\"SearchAction\",\"target\":{\"@type\":\"EntryPoint\",\"urlTemplate\":\"https:\/\/www.neuro-outaouais.com\/?s={search_term_string}\"},\"query-input\":{\"@type\":\"PropertyValueSpecification\",\"valueRequired\":true,\"valueName\":\"search_term_string\"}}],\"inLanguage\":\"fr-CA\"},{\"@type\":\"Organization\",\"@id\":\"https:\/\/www.neuro-outaouais.com\/#organization\",\"name\":\"My blog\",\"url\":\"https:\/\/www.neuro-outaouais.com\/\",\"logo\":{\"@type\":\"ImageObject\",\"inLanguage\":\"fr-CA\",\"@id\":\"https:\/\/www.neuro-outaouais.com\/#\/schema\/logo\/image\/\",\"url\":\"https:\/\/www.neuro-outaouais.com\/wp-content\/uploads\/2025\/04\/21f72584-071b-4bae-ab40-e19dc1dfa7ff.png\",\"contentUrl\":\"https:\/\/www.neuro-outaouais.com\/wp-content\/uploads\/2025\/04\/21f72584-071b-4bae-ab40-e19dc1dfa7ff.png\",\"width\":180,\"height\":89,\"caption\":\"My blog\"},\"image\":{\"@id\":\"https:\/\/www.neuro-outaouais.com\/#\/schema\/logo\/image\/\"}}]}<\/script>\n<!-- \/ Yoast SEO plugin. -->","yoast_head_json":{"title":"Maladie de Parkinson - Neuro-Outaouais","description":"Rejoignez les essais cliniques Neuro Outaouais sur la maladie de Parkinson. Ensemble, faisons progresser la recherche et les traitements novateurs.","robots":{"index":"index","follow":"follow","max-snippet":"max-snippet:-1","max-image-preview":"max-image-preview:large","max-video-preview":"max-video-preview:-1"},"canonical":"https:\/\/www.neuro-outaouais.com\/fr\/essais-cliniques\/maladie-parkinson\/","og_locale":"fr_CA","og_type":"article","og_title":"Maladie de Parkinson - Neuro-Outaouais","og_description":"Rejoignez les essais cliniques Neuro Outaouais sur la maladie de Parkinson. Ensemble, faisons progresser la recherche et les traitements novateurs.","og_url":"https:\/\/www.neuro-outaouais.com\/fr\/essais-cliniques\/maladie-parkinson\/","og_site_name":"Neuro-Outaouais","article_modified_time":"2025-11-04T13:20:31+00:00","twitter_card":"summary_large_image","twitter_misc":{"Estimation du temps de lecture":"1 minute"},"schema":{"@context":"https:\/\/schema.org","@graph":[{"@type":"WebPage","@id":"https:\/\/www.neuro-outaouais.com\/fr\/essais-cliniques\/maladie-parkinson\/","url":"https:\/\/www.neuro-outaouais.com\/fr\/essais-cliniques\/maladie-parkinson\/","name":"Maladie de Parkinson - Neuro-Outaouais","isPartOf":{"@id":"https:\/\/www.neuro-outaouais.com\/#website"},"datePublished":"2025-05-06T20:03:55+00:00","dateModified":"2025-11-04T13:20:31+00:00","description":"Rejoignez les essais cliniques Neuro Outaouais sur la maladie de Parkinson. Ensemble, faisons progresser la recherche et les traitements novateurs.","breadcrumb":{"@id":"https:\/\/www.neuro-outaouais.com\/fr\/essais-cliniques\/maladie-parkinson\/#breadcrumb"},"inLanguage":"fr-CA","potentialAction":[{"@type":"ReadAction","target":["https:\/\/www.neuro-outaouais.com\/fr\/essais-cliniques\/maladie-parkinson\/"]}]},{"@type":"BreadcrumbList","@id":"https:\/\/www.neuro-outaouais.com\/fr\/essais-cliniques\/maladie-parkinson\/#breadcrumb","itemListElement":[{"@type":"ListItem","position":1,"name":"Home","item":"https:\/\/www.neuro-outaouais.com\/"},{"@type":"ListItem","position":2,"name":"Essais cliniques","item":"https:\/\/www.neuro-outaouais.com\/fr\/essais-cliniques\/"},{"@type":"ListItem","position":3,"name":"Maladie de Parkinson"}]},{"@type":"WebSite","@id":"https:\/\/www.neuro-outaouais.com\/#website","url":"https:\/\/www.neuro-outaouais.com\/","name":"My blog","description":"We are a non-profit dedicated to expanding the breadth of medical care for people with neurological diseases.","publisher":{"@id":"https:\/\/www.neuro-outaouais.com\/#organization"},"potentialAction":[{"@type":"SearchAction","target":{"@type":"EntryPoint","urlTemplate":"https:\/\/www.neuro-outaouais.com\/?s={search_term_string}"},"query-input":{"@type":"PropertyValueSpecification","valueRequired":true,"valueName":"search_term_string"}}],"inLanguage":"fr-CA"},{"@type":"Organization","@id":"https:\/\/www.neuro-outaouais.com\/#organization","name":"My blog","url":"https:\/\/www.neuro-outaouais.com\/","logo":{"@type":"ImageObject","inLanguage":"fr-CA","@id":"https:\/\/www.neuro-outaouais.com\/#\/schema\/logo\/image\/","url":"https:\/\/www.neuro-outaouais.com\/wp-content\/uploads\/2025\/04\/21f72584-071b-4bae-ab40-e19dc1dfa7ff.png","contentUrl":"https:\/\/www.neuro-outaouais.com\/wp-content\/uploads\/2025\/04\/21f72584-071b-4bae-ab40-e19dc1dfa7ff.png","width":180,"height":89,"caption":"My blog"},"image":{"@id":"https:\/\/www.neuro-outaouais.com\/#\/schema\/logo\/image\/"}}]}},"_links":{"self":[{"href":"https:\/\/www.neuro-outaouais.com\/fr\/wp-json\/wp\/v2\/pages\/6758","targetHints":{"allow":["GET"]}}],"collection":[{"href":"https:\/\/www.neuro-outaouais.com\/fr\/wp-json\/wp\/v2\/pages"}],"about":[{"href":"https:\/\/www.neuro-outaouais.com\/fr\/wp-json\/wp\/v2\/types\/page"}],"author":[{"embeddable":true,"href":"https:\/\/www.neuro-outaouais.com\/fr\/wp-json\/wp\/v2\/users\/1"}],"replies":[{"embeddable":true,"href":"https:\/\/www.neuro-outaouais.com\/fr\/wp-json\/wp\/v2\/comments?post=6758"}],"version-history":[{"count":3,"href":"https:\/\/www.neuro-outaouais.com\/fr\/wp-json\/wp\/v2\/pages\/6758\/revisions"}],"predecessor-version":[{"id":8165,"href":"https:\/\/www.neuro-outaouais.com\/fr\/wp-json\/wp\/v2\/pages\/6758\/revisions\/8165"}],"up":[{"embeddable":true,"href":"https:\/\/www.neuro-outaouais.com\/fr\/wp-json\/wp\/v2\/pages\/6635"}],"wp:attachment":[{"href":"https:\/\/www.neuro-outaouais.com\/fr\/wp-json\/wp\/v2\/media?parent=6758"}],"wp:term":[{"taxonomy":"wf_page_folders","embeddable":true,"href":"https:\/\/www.neuro-outaouais.com\/fr\/wp-json\/wp\/v2\/wf_page_folders?post=6758"}],"curies":[{"name":"wp","href":"https:\/\/api.w.org\/{rel}","templated":true}]}}