{"id":7890,"date":"2025-09-26T15:50:36","date_gmt":"2025-09-26T19:50:36","guid":{"rendered":"https:\/\/www.neuro-outaouais.com\/thank-you\/"},"modified":"2025-10-08T16:14:09","modified_gmt":"2025-10-08T20:14:09","slug":"merci","status":"publish","type":"page","link":"https:\/\/www.neuro-outaouais.com\/fr\/merci\/","title":{"rendered":"Merci"},"content":{"rendered":"\t\t<div data-elementor-type=\"wp-page\" data-elementor-id=\"7890\" class=\"elementor elementor-7890 elementor-7840\" data-elementor-post-type=\"page\">\n\t\t\t\t<div class=\"elementor-element elementor-element-901131d e-flex e-con-boxed e-con e-parent\" data-id=\"901131d\" data-element_type=\"container\" data-e-type=\"container\" data-settings=\"{&quot;background_background&quot;:&quot;classic&quot;}\">\n\t\t\t\t\t<div class=\"e-con-inner\">\n\t\t\t\t<div class=\"elementor-element elementor-element-d3d3d91 elementor-widget elementor-widget-heading\" data-id=\"d3d3d91\" data-element_type=\"widget\" data-e-type=\"widget\" data-widget_type=\"heading.default\">\n\t\t\t\t<div class=\"elementor-widget-container\">\n\t\t\t\t\t<h1 class=\"elementor-heading-title elementor-size-default\">Merci<\/h1>\t\t\t\t<\/div>\n\t\t\t\t<\/div>\n\t\t\t\t\t<\/div>\n\t\t\t\t<\/div>\n\t\t<div class=\"elementor-element elementor-element-52e27e1 e-flex e-con-boxed e-con e-parent\" data-id=\"52e27e1\" data-element_type=\"container\" data-e-type=\"container\" data-settings=\"{&quot;background_background&quot;:&quot;classic&quot;}\">\n\t\t\t\t\t<div class=\"e-con-inner\">\n\t\t\t\t<div class=\"elementor-element elementor-element-6371189 elementor-widget elementor-widget-heading\" data-id=\"6371189\" data-element_type=\"widget\" data-e-type=\"widget\" data-widget_type=\"heading.default\">\n\t\t\t\t<div class=\"elementor-widget-container\">\n\t\t\t\t\t<h2 class=\"elementor-heading-title elementor-size-default\">Merci de nous avoir contact\u00e9s. Nous vous recontacterons bient\u00f4t.<\/h2>\t\t\t\t<\/div>\n\t\t\t\t<\/div>\n\t\t\t\t<div class=\"elementor-element elementor-element-c5c18fa elementor-widget elementor-widget-heading\" data-id=\"c5c18fa\" data-element_type=\"widget\" data-e-type=\"widget\" data-widget_type=\"heading.default\">\n\t\t\t\t<div class=\"elementor-widget-container\">\n\t\t\t\t\t<p class=\"elementor-heading-title elementor-size-default\">La Clinique Neuro-Outaouais est un organisme sans but lucratif qui vise \u00e0 offrir des soins complets et \u00e0 jour aux personnes atteintes de maladies neurologiques dans la r\u00e9gion d\u2019Ottawa-Gatineau. La recherche clinique enrichit notre bo\u00eete \u00e0 outils th\u00e9rapeutiques et apporte de l\u2019espoir \u00e0 nos patients.\n<\/p>\t\t\t\t<\/div>\n\t\t\t\t<\/div>\n\t\t\t\t<div class=\"elementor-element elementor-element-49e7038 elementor-widget elementor-widget-image\" data-id=\"49e7038\" data-element_type=\"widget\" data-e-type=\"widget\" data-widget_type=\"image.default\">\n\t\t\t\t<div class=\"elementor-widget-container\">\n\t\t\t\t\t\t\t\t\t\t\t\t\t\t\t<img fetchpriority=\"high\" decoding=\"async\" width=\"1024\" height=\"683\" src=\"https:\/\/www.neuro-outaouais.com\/wp-content\/uploads\/2025\/10\/clinique-young-woman-on-the-wheelchair.jpg\" class=\"attachment-large size-large wp-image-8442\" alt=\"Clinique Neuro-Outaouais is a not-for-profit organization that seeks to offer up to date, comprehensive care to people with neurological diseases in the Ottawa-Gatineau area. Clinical research adds to our therapeutic tool box and gives hope to our patients.\" srcset=\"https:\/\/www.neuro-outaouais.com\/wp-content\/uploads\/2025\/10\/clinique-young-woman-on-the-wheelchair.jpg 1024w, https:\/\/www.neuro-outaouais.com\/wp-content\/uploads\/2025\/10\/clinique-young-woman-on-the-wheelchair-300x200.jpg 300w, https:\/\/www.neuro-outaouais.com\/wp-content\/uploads\/2025\/10\/clinique-young-woman-on-the-wheelchair-768x512.jpg 768w\" sizes=\"(max-width: 1024px) 100vw, 1024px\" \/>\t\t\t\t\t\t\t\t\t\t\t\t\t\t\t<\/div>\n\t\t\t\t<\/div>\n\t\t\t\t\t<\/div>\n\t\t\t\t<\/div>\n\t\t\t\t<\/div>\n\t\t","protected":false},"excerpt":{"rendered":"<p>Merci Merci de nous avoir contact\u00e9s. Nous vous recontacterons bient\u00f4t. La Clinique Neuro-Outaouais est un organisme sans but lucratif qui vise \u00e0 offrir des soins complets et \u00e0 jour aux personnes atteintes de maladies neurologiques dans la r\u00e9gion d\u2019Ottawa-Gatineau. La recherche clinique enrichit notre bo\u00eete \u00e0 outils th\u00e9rapeutiques et apporte de l\u2019espoir \u00e0 nos patients.<\/p>\n","protected":false},"author":1,"featured_media":0,"parent":0,"menu_order":0,"comment_status":"closed","ping_status":"closed","template":"elementor_header_footer","meta":{"footnotes":""},"wf_page_folders":[9],"class_list":["post-7890","page","type-page","status-publish","hentry"],"yoast_head":"<!-- This site is optimized with the Yoast SEO plugin v27.3 - https:\/\/yoast.com\/product\/yoast-seo-wordpress\/ -->\n<title>Merci - Neuro-Outaouais<\/title>\n<meta name=\"robots\" content=\"index, follow, max-snippet:-1, max-image-preview:large, max-video-preview:-1\" \/>\n<link rel=\"canonical\" href=\"https:\/\/www.neuro-outaouais.com\/thank-you\/\" \/>\n<meta property=\"og:locale\" content=\"fr_CA\" \/>\n<meta property=\"og:type\" content=\"article\" \/>\n<meta property=\"og:title\" content=\"Merci - Neuro-Outaouais\" \/>\n<meta property=\"og:description\" content=\"Merci Merci de nous avoir contact\u00e9s. Nous vous recontacterons bient\u00f4t. La Clinique Neuro-Outaouais est un organisme sans but lucratif qui vise \u00e0 offrir des soins complets et \u00e0 jour aux personnes atteintes de maladies neurologiques dans la r\u00e9gion d\u2019Ottawa-Gatineau. La recherche clinique enrichit notre bo\u00eete \u00e0 outils th\u00e9rapeutiques et apporte de l\u2019espoir \u00e0 nos patients.\" \/>\n<meta property=\"og:url\" content=\"https:\/\/www.neuro-outaouais.com\/thank-you\/\" \/>\n<meta property=\"og:site_name\" content=\"Neuro-Outaouais\" \/>\n<meta property=\"article:modified_time\" content=\"2025-10-08T20:14:09+00:00\" \/>\n<meta property=\"og:image\" content=\"https:\/\/www.neuro-outaouais.com\/wp-content\/uploads\/2025\/10\/clinique-young-woman-on-the-wheelchair.jpg\" \/>\n<meta name=\"twitter:card\" content=\"summary_large_image\" \/>\n<meta name=\"twitter:label1\" content=\"Estimation du temps de lecture\" \/>\n\t<meta name=\"twitter:data1\" content=\"1 minute\" \/>\n<script type=\"application\/ld+json\" class=\"yoast-schema-graph\">{\"@context\":\"https:\\\/\\\/schema.org\",\"@graph\":[{\"@type\":\"WebPage\",\"@id\":\"https:\\\/\\\/www.neuro-outaouais.com\\\/thank-you\\\/\",\"url\":\"https:\\\/\\\/www.neuro-outaouais.com\\\/thank-you\\\/\",\"name\":\"Merci - Neuro-Outaouais\",\"isPartOf\":{\"@id\":\"https:\\\/\\\/www.neuro-outaouais.com\\\/#website\"},\"primaryImageOfPage\":{\"@id\":\"https:\\\/\\\/www.neuro-outaouais.com\\\/thank-you\\\/#primaryimage\"},\"image\":{\"@id\":\"https:\\\/\\\/www.neuro-outaouais.com\\\/thank-you\\\/#primaryimage\"},\"thumbnailUrl\":\"https:\\\/\\\/www.neuro-outaouais.com\\\/wp-content\\\/uploads\\\/2025\\\/10\\\/clinique-young-woman-on-the-wheelchair.jpg\",\"datePublished\":\"2025-09-26T19:50:36+00:00\",\"dateModified\":\"2025-10-08T20:14:09+00:00\",\"breadcrumb\":{\"@id\":\"https:\\\/\\\/www.neuro-outaouais.com\\\/thank-you\\\/#breadcrumb\"},\"inLanguage\":\"fr-CA\",\"potentialAction\":[{\"@type\":\"ReadAction\",\"target\":[\"https:\\\/\\\/www.neuro-outaouais.com\\\/thank-you\\\/\"]}]},{\"@type\":\"ImageObject\",\"inLanguage\":\"fr-CA\",\"@id\":\"https:\\\/\\\/www.neuro-outaouais.com\\\/thank-you\\\/#primaryimage\",\"url\":\"https:\\\/\\\/www.neuro-outaouais.com\\\/wp-content\\\/uploads\\\/2025\\\/10\\\/clinique-young-woman-on-the-wheelchair.jpg\",\"contentUrl\":\"https:\\\/\\\/www.neuro-outaouais.com\\\/wp-content\\\/uploads\\\/2025\\\/10\\\/clinique-young-woman-on-the-wheelchair.jpg\"},{\"@type\":\"BreadcrumbList\",\"@id\":\"https:\\\/\\\/www.neuro-outaouais.com\\\/thank-you\\\/#breadcrumb\",\"itemListElement\":[{\"@type\":\"ListItem\",\"position\":1,\"name\":\"Home\",\"item\":\"https:\\\/\\\/www.neuro-outaouais.com\\\/\"},{\"@type\":\"ListItem\",\"position\":2,\"name\":\"Merci\"}]},{\"@type\":\"WebSite\",\"@id\":\"https:\\\/\\\/www.neuro-outaouais.com\\\/#website\",\"url\":\"https:\\\/\\\/www.neuro-outaouais.com\\\/\",\"name\":\"My blog\",\"description\":\"We are a non-profit dedicated to expanding the breadth of medical care for people with neurological diseases.\",\"publisher\":{\"@id\":\"https:\\\/\\\/www.neuro-outaouais.com\\\/#organization\"},\"potentialAction\":[{\"@type\":\"SearchAction\",\"target\":{\"@type\":\"EntryPoint\",\"urlTemplate\":\"https:\\\/\\\/www.neuro-outaouais.com\\\/?s={search_term_string}\"},\"query-input\":{\"@type\":\"PropertyValueSpecification\",\"valueRequired\":true,\"valueName\":\"search_term_string\"}}],\"inLanguage\":\"fr-CA\"},{\"@type\":\"Organization\",\"@id\":\"https:\\\/\\\/www.neuro-outaouais.com\\\/#organization\",\"name\":\"My blog\",\"url\":\"https:\\\/\\\/www.neuro-outaouais.com\\\/\",\"logo\":{\"@type\":\"ImageObject\",\"inLanguage\":\"fr-CA\",\"@id\":\"https:\\\/\\\/www.neuro-outaouais.com\\\/#\\\/schema\\\/logo\\\/image\\\/\",\"url\":\"https:\\\/\\\/www.neuro-outaouais.com\\\/wp-content\\\/uploads\\\/2025\\\/04\\\/21f72584-071b-4bae-ab40-e19dc1dfa7ff.png\",\"contentUrl\":\"https:\\\/\\\/www.neuro-outaouais.com\\\/wp-content\\\/uploads\\\/2025\\\/04\\\/21f72584-071b-4bae-ab40-e19dc1dfa7ff.png\",\"width\":180,\"height\":89,\"caption\":\"My blog\"},\"image\":{\"@id\":\"https:\\\/\\\/www.neuro-outaouais.com\\\/#\\\/schema\\\/logo\\\/image\\\/\"}}]}<\/script>\n<!-- \/ Yoast SEO plugin. -->","yoast_head_json":{"title":"Merci - Neuro-Outaouais","robots":{"index":"index","follow":"follow","max-snippet":"max-snippet:-1","max-image-preview":"max-image-preview:large","max-video-preview":"max-video-preview:-1"},"canonical":"https:\/\/www.neuro-outaouais.com\/thank-you\/","og_locale":"fr_CA","og_type":"article","og_title":"Merci - Neuro-Outaouais","og_description":"Merci Merci de nous avoir contact\u00e9s. Nous vous recontacterons bient\u00f4t. La Clinique Neuro-Outaouais est un organisme sans but lucratif qui vise \u00e0 offrir des soins complets et \u00e0 jour aux personnes atteintes de maladies neurologiques dans la r\u00e9gion d\u2019Ottawa-Gatineau. La recherche clinique enrichit notre bo\u00eete \u00e0 outils th\u00e9rapeutiques et apporte de l\u2019espoir \u00e0 nos patients.","og_url":"https:\/\/www.neuro-outaouais.com\/thank-you\/","og_site_name":"Neuro-Outaouais","article_modified_time":"2025-10-08T20:14:09+00:00","og_image":[{"url":"https:\/\/www.neuro-outaouais.com\/wp-content\/uploads\/2025\/10\/clinique-young-woman-on-the-wheelchair.jpg","type":"","width":"","height":""}],"twitter_card":"summary_large_image","twitter_misc":{"Estimation du temps de lecture":"1 minute"},"schema":{"@context":"https:\/\/schema.org","@graph":[{"@type":"WebPage","@id":"https:\/\/www.neuro-outaouais.com\/thank-you\/","url":"https:\/\/www.neuro-outaouais.com\/thank-you\/","name":"Merci - Neuro-Outaouais","isPartOf":{"@id":"https:\/\/www.neuro-outaouais.com\/#website"},"primaryImageOfPage":{"@id":"https:\/\/www.neuro-outaouais.com\/thank-you\/#primaryimage"},"image":{"@id":"https:\/\/www.neuro-outaouais.com\/thank-you\/#primaryimage"},"thumbnailUrl":"https:\/\/www.neuro-outaouais.com\/wp-content\/uploads\/2025\/10\/clinique-young-woman-on-the-wheelchair.jpg","datePublished":"2025-09-26T19:50:36+00:00","dateModified":"2025-10-08T20:14:09+00:00","breadcrumb":{"@id":"https:\/\/www.neuro-outaouais.com\/thank-you\/#breadcrumb"},"inLanguage":"fr-CA","potentialAction":[{"@type":"ReadAction","target":["https:\/\/www.neuro-outaouais.com\/thank-you\/"]}]},{"@type":"ImageObject","inLanguage":"fr-CA","@id":"https:\/\/www.neuro-outaouais.com\/thank-you\/#primaryimage","url":"https:\/\/www.neuro-outaouais.com\/wp-content\/uploads\/2025\/10\/clinique-young-woman-on-the-wheelchair.jpg","contentUrl":"https:\/\/www.neuro-outaouais.com\/wp-content\/uploads\/2025\/10\/clinique-young-woman-on-the-wheelchair.jpg"},{"@type":"BreadcrumbList","@id":"https:\/\/www.neuro-outaouais.com\/thank-you\/#breadcrumb","itemListElement":[{"@type":"ListItem","position":1,"name":"Home","item":"https:\/\/www.neuro-outaouais.com\/"},{"@type":"ListItem","position":2,"name":"Merci"}]},{"@type":"WebSite","@id":"https:\/\/www.neuro-outaouais.com\/#website","url":"https:\/\/www.neuro-outaouais.com\/","name":"My blog","description":"We are a non-profit dedicated to expanding the breadth of medical care for people with neurological diseases.","publisher":{"@id":"https:\/\/www.neuro-outaouais.com\/#organization"},"potentialAction":[{"@type":"SearchAction","target":{"@type":"EntryPoint","urlTemplate":"https:\/\/www.neuro-outaouais.com\/?s={search_term_string}"},"query-input":{"@type":"PropertyValueSpecification","valueRequired":true,"valueName":"search_term_string"}}],"inLanguage":"fr-CA"},{"@type":"Organization","@id":"https:\/\/www.neuro-outaouais.com\/#organization","name":"My blog","url":"https:\/\/www.neuro-outaouais.com\/","logo":{"@type":"ImageObject","inLanguage":"fr-CA","@id":"https:\/\/www.neuro-outaouais.com\/#\/schema\/logo\/image\/","url":"https:\/\/www.neuro-outaouais.com\/wp-content\/uploads\/2025\/04\/21f72584-071b-4bae-ab40-e19dc1dfa7ff.png","contentUrl":"https:\/\/www.neuro-outaouais.com\/wp-content\/uploads\/2025\/04\/21f72584-071b-4bae-ab40-e19dc1dfa7ff.png","width":180,"height":89,"caption":"My blog"},"image":{"@id":"https:\/\/www.neuro-outaouais.com\/#\/schema\/logo\/image\/"}}]}},"_links":{"self":[{"href":"https:\/\/www.neuro-outaouais.com\/fr\/wp-json\/wp\/v2\/pages\/7890","targetHints":{"allow":["GET"]}}],"collection":[{"href":"https:\/\/www.neuro-outaouais.com\/fr\/wp-json\/wp\/v2\/pages"}],"about":[{"href":"https:\/\/www.neuro-outaouais.com\/fr\/wp-json\/wp\/v2\/types\/page"}],"author":[{"embeddable":true,"href":"https:\/\/www.neuro-outaouais.com\/fr\/wp-json\/wp\/v2\/users\/1"}],"replies":[{"embeddable":true,"href":"https:\/\/www.neuro-outaouais.com\/fr\/wp-json\/wp\/v2\/comments?post=7890"}],"version-history":[{"count":7,"href":"https:\/\/www.neuro-outaouais.com\/fr\/wp-json\/wp\/v2\/pages\/7890\/revisions"}],"predecessor-version":[{"id":8451,"href":"https:\/\/www.neuro-outaouais.com\/fr\/wp-json\/wp\/v2\/pages\/7890\/revisions\/8451"}],"wp:attachment":[{"href":"https:\/\/www.neuro-outaouais.com\/fr\/wp-json\/wp\/v2\/media?parent=7890"}],"wp:term":[{"taxonomy":"wf_page_folders","embeddable":true,"href":"https:\/\/www.neuro-outaouais.com\/fr\/wp-json\/wp\/v2\/wf_page_folders?post=7890"}],"curies":[{"name":"wp","href":"https:\/\/api.w.org\/{rel}","templated":true}]}}